{"id":6188,"date":"2024-10-24T21:51:17","date_gmt":"2024-10-24T19:51:17","guid":{"rendered":"https:\/\/wheelspinner.com\/?post_type=product&#038;p=6188"},"modified":"2025-10-13T11:32:00","modified_gmt":"2025-10-13T09:32:00","slug":"wheelspinner-standaard-2-2kw-80km-k","status":"publish","type":"product","link":"https:\/\/wheelspinner.com\/fr\/produit\/wheelspinner-standaard-2-2kw-80km-k\/","title":{"rendered":"Wheelspinner standard 2.2kw - 80km\/k"},"content":{"rendered":"<p>De Wheelspinner is voorzien van noodstop en van clicsons om de temperatuur van de elektromotor te bewaken. De trommel is gemaakt van lichtmetaal en samen met de motor gemonteerd op een plaatstalen frame. De wheelspinner heeft geen smeerpunten en de lagers in de motor zijn onderhoudsvrij. Garant voor een lange levensduur.<\/p>","protected":false},"excerpt":{"rendered":"<p>De Wheelspinner is voorzien van noodstop en van clicsons om de temperatuur van de elektromotor te bewaken. De trommel is gemaakt van lichtmetaal en samen met de motor gemonteerd op een plaatstalen frame. De wheelspinner heeft geen smeerpunten en de lagers in de motor zijn onderhoudsvrij. Garant voor een lange levensduur.<\/p>","protected":false},"featured_media":5521,"template":"","meta":[],"product_brand":[],"product_cat":[25],"product_tag":[],"class_list":{"0":"post-6188","1":"product","2":"type-product","3":"status-publish","4":"has-post-thumbnail","6":"product_cat-geen-categorie","8":"first","9":"instock","10":"taxable","11":"shipping-taxable","12":"purchasable","13":"product-type-simple"},"exclude_global_add_ons":false,"addons":[{"name":"Longueur du c\u00e2ble","type":"multiple_choice","position":0,"required":true,"title_format":"label","default":"","description_enable":false,"description":"Draka stroomkabel H07BQ-F 5G2,5 mm2","placeholder_enable":false,"placeholder":"","display":"radiobutton","restrictions_type":"any_text","adjust_price":false,"price":"","price_type":"flat_fee","restrictions":false,"min":"0","max":"0","options":[{"label":"Geen kabel nodig","price":"","price_type":"flat_fee","image":0,"visibility":true},{"label":"5,00 m","price":"64.15","price_type":"quantity_based","image":0,"visibility":true},{"label":"10,00 m","price":"128.30","price_type":"quantity_based","image":0,"visibility":true},{"label":"15,00 m","price":"192.45","price_type":"quantity_based","image":0,"visibility":true},{"label":"20,00 m","price":"256.60","price_type":"quantity_based","image":0,"visibility":true}],"id":1731338805},{"name":"Connexion","type":"multiple_choice","position":1,"required":true,"title_format":"label","default":"","description_enable":true,"description":"Le Wheelspinner est \u00e9quip\u00e9 d'une prise de courant \u00e0 5 p\u00f4les de 16A.","placeholder_enable":false,"placeholder":"","display":"select","restrictions_type":"any_text","adjust_price":false,"price":"","price_type":"flat_fee","restrictions":false,"min":"0","max":"0","options":[{"label":"Geen aansluiting nodig","price":"","price_type":"flat_fee","image":6751,"visibility":true},{"label":"Mennekes CEE contactstop 3P+N+PE 16-6H 400V AM-TOP","price":"","price_type":"flat_fee","image":6192,"visibility":true},{"label":"Mennekes CEE CST 5\/32\/400V PWTXTRA","price":"","price_type":"flat_fee","image":6194,"visibility":true},{"label":"Mennekes CEE koppelcontactstop 5P+N+PE 16A-6H 400V","price":"","price_type":"flat_fee","image":6193,"visibility":true}],"id":1731338804}],"yoast_head":"<!-- This site is optimized with the Yoast SEO plugin v27.1.1 - https:\/\/yoast.com\/product\/yoast-seo-wordpress\/ -->\n<title>Wheelspinner standaard 2.2kw - 80km\/k - Wheelspinner<\/title>\n<meta name=\"robots\" content=\"index, follow, max-snippet:-1, max-image-preview:large, max-video-preview:-1\" \/>\n<link rel=\"canonical\" href=\"https:\/\/wheelspinner.com\/fr\/produit\/wheelspinner-standaard-2-2kw-80km-k\/\" \/>\n<meta property=\"og:locale\" content=\"fr_FR\" \/>\n<meta property=\"og:type\" content=\"article\" \/>\n<meta property=\"og:title\" content=\"Wheelspinner standaard 2.2kw - 80km\/k - Wheelspinner\" \/>\n<meta property=\"og:description\" content=\"De Wheelspinner is voorzien van noodstop en van clicsons om de temperatuur van de elektromotor te bewaken. De trommel is gemaakt van lichtmetaal en samen met de motor gemonteerd op een plaatstalen frame. De wheelspinner heeft geen smeerpunten en de lagers in de motor zijn onderhoudsvrij. Garant voor een lange levensduur.\" \/>\n<meta property=\"og:url\" content=\"https:\/\/wheelspinner.com\/fr\/produit\/wheelspinner-standaard-2-2kw-80km-k\/\" \/>\n<meta property=\"og:site_name\" content=\"Wheelspinner\" \/>\n<meta property=\"article:modified_time\" content=\"2025-10-13T09:32:00+00:00\" \/>\n<meta property=\"og:image\" content=\"https:\/\/wheelspinner.com\/wp-content\/uploads\/2024\/10\/Ontwerp-zonder-titel-16.png\" \/>\n\t<meta property=\"og:image:width\" content=\"716\" \/>\n\t<meta property=\"og:image:height\" content=\"1024\" \/>\n\t<meta property=\"og:image:type\" content=\"image\/png\" \/>\n<meta name=\"twitter:card\" content=\"summary_large_image\" \/>\n<meta name=\"twitter:label1\" content=\"Dur\u00e9e de lecture estim\u00e9e\" \/>\n\t<meta name=\"twitter:data1\" content=\"1 minute\" \/>\n<script type=\"application\/ld+json\" class=\"yoast-schema-graph\">{\"@context\":\"https:\/\/schema.org\",\"@graph\":[{\"@type\":\"WebPage\",\"@id\":\"https:\/\/wheelspinner.com\/product\/wheelspinner-standaard-2-2kw-80km-k\/\",\"url\":\"https:\/\/wheelspinner.com\/product\/wheelspinner-standaard-2-2kw-80km-k\/\",\"name\":\"Wheelspinner standaard 2.2kw - 80km\/k - Wheelspinner\",\"isPartOf\":{\"@id\":\"https:\/\/wheelspinner.com\/#website\"},\"primaryImageOfPage\":{\"@id\":\"https:\/\/wheelspinner.com\/product\/wheelspinner-standaard-2-2kw-80km-k\/#primaryimage\"},\"image\":{\"@id\":\"https:\/\/wheelspinner.com\/product\/wheelspinner-standaard-2-2kw-80km-k\/#primaryimage\"},\"thumbnailUrl\":\"https:\/\/wheelspinner.com\/wp-content\/uploads\/2024\/10\/Ontwerp-zonder-titel-16.png\",\"datePublished\":\"2024-10-24T19:51:17+00:00\",\"dateModified\":\"2025-10-13T09:32:00+00:00\",\"breadcrumb\":{\"@id\":\"https:\/\/wheelspinner.com\/product\/wheelspinner-standaard-2-2kw-80km-k\/#breadcrumb\"},\"inLanguage\":\"fr-FR\",\"potentialAction\":[{\"@type\":\"ReadAction\",\"target\":[\"https:\/\/wheelspinner.com\/product\/wheelspinner-standaard-2-2kw-80km-k\/\"]}]},{\"@type\":\"ImageObject\",\"inLanguage\":\"fr-FR\",\"@id\":\"https:\/\/wheelspinner.com\/product\/wheelspinner-standaard-2-2kw-80km-k\/#primaryimage\",\"url\":\"https:\/\/wheelspinner.com\/wp-content\/uploads\/2024\/10\/Ontwerp-zonder-titel-16.png\",\"contentUrl\":\"https:\/\/wheelspinner.com\/wp-content\/uploads\/2024\/10\/Ontwerp-zonder-titel-16.png\",\"width\":4475,\"height\":6400},{\"@type\":\"BreadcrumbList\",\"@id\":\"https:\/\/wheelspinner.com\/product\/wheelspinner-standaard-2-2kw-80km-k\/#breadcrumb\",\"itemListElement\":[{\"@type\":\"ListItem\",\"position\":1,\"name\":\"Home\",\"item\":\"https:\/\/wheelspinner.com\/\"},{\"@type\":\"ListItem\",\"position\":2,\"name\":\"Producten\",\"item\":\"https:\/\/wheelspinner.com\/shop\/\"},{\"@type\":\"ListItem\",\"position\":3,\"name\":\"Wheelspinner standaard 2.2kw &#8211; 80km\/k\"}]},{\"@type\":\"WebSite\",\"@id\":\"https:\/\/wheelspinner.com\/#website\",\"url\":\"https:\/\/wheelspinner.com\/\",\"name\":\"Wheelspinner\",\"description\":\"Speling op wiellagers controleren? Wheelspinner.\",\"potentialAction\":[{\"@type\":\"SearchAction\",\"target\":{\"@type\":\"EntryPoint\",\"urlTemplate\":\"https:\/\/wheelspinner.com\/?s={search_term_string}\"},\"query-input\":{\"@type\":\"PropertyValueSpecification\",\"valueRequired\":true,\"valueName\":\"search_term_string\"}}],\"inLanguage\":\"fr-FR\"}]}<\/script>\n<!-- \/ Yoast SEO plugin. -->","yoast_head_json":{"title":"Wheelspinner standaard 2.2kw - 80km\/k - Wheelspinner","robots":{"index":"index","follow":"follow","max-snippet":"max-snippet:-1","max-image-preview":"max-image-preview:large","max-video-preview":"max-video-preview:-1"},"canonical":"https:\/\/wheelspinner.com\/fr\/produit\/wheelspinner-standaard-2-2kw-80km-k\/","og_locale":"fr_FR","og_type":"article","og_title":"Wheelspinner standaard 2.2kw - 80km\/k - Wheelspinner","og_description":"De Wheelspinner is voorzien van noodstop en van clicsons om de temperatuur van de elektromotor te bewaken. De trommel is gemaakt van lichtmetaal en samen met de motor gemonteerd op een plaatstalen frame. De wheelspinner heeft geen smeerpunten en de lagers in de motor zijn onderhoudsvrij. Garant voor een lange levensduur.","og_url":"https:\/\/wheelspinner.com\/fr\/produit\/wheelspinner-standaard-2-2kw-80km-k\/","og_site_name":"Wheelspinner","article_modified_time":"2025-10-13T09:32:00+00:00","og_image":[{"url":"https:\/\/wheelspinner.com\/wp-content\/uploads\/2024\/10\/Ontwerp-zonder-titel-16.png","width":716,"height":1024,"type":"image\/png"}],"twitter_card":"summary_large_image","twitter_misc":{"Dur\u00e9e de lecture estim\u00e9e":"1 minute"},"schema":{"@context":"https:\/\/schema.org","@graph":[{"@type":"WebPage","@id":"https:\/\/wheelspinner.com\/product\/wheelspinner-standaard-2-2kw-80km-k\/","url":"https:\/\/wheelspinner.com\/product\/wheelspinner-standaard-2-2kw-80km-k\/","name":"Wheelspinner standaard 2.2kw - 80km\/k - Wheelspinner","isPartOf":{"@id":"https:\/\/wheelspinner.com\/#website"},"primaryImageOfPage":{"@id":"https:\/\/wheelspinner.com\/product\/wheelspinner-standaard-2-2kw-80km-k\/#primaryimage"},"image":{"@id":"https:\/\/wheelspinner.com\/product\/wheelspinner-standaard-2-2kw-80km-k\/#primaryimage"},"thumbnailUrl":"https:\/\/wheelspinner.com\/wp-content\/uploads\/2024\/10\/Ontwerp-zonder-titel-16.png","datePublished":"2024-10-24T19:51:17+00:00","dateModified":"2025-10-13T09:32:00+00:00","breadcrumb":{"@id":"https:\/\/wheelspinner.com\/product\/wheelspinner-standaard-2-2kw-80km-k\/#breadcrumb"},"inLanguage":"fr-FR","potentialAction":[{"@type":"ReadAction","target":["https:\/\/wheelspinner.com\/product\/wheelspinner-standaard-2-2kw-80km-k\/"]}]},{"@type":"ImageObject","inLanguage":"fr-FR","@id":"https:\/\/wheelspinner.com\/product\/wheelspinner-standaard-2-2kw-80km-k\/#primaryimage","url":"https:\/\/wheelspinner.com\/wp-content\/uploads\/2024\/10\/Ontwerp-zonder-titel-16.png","contentUrl":"https:\/\/wheelspinner.com\/wp-content\/uploads\/2024\/10\/Ontwerp-zonder-titel-16.png","width":4475,"height":6400},{"@type":"BreadcrumbList","@id":"https:\/\/wheelspinner.com\/product\/wheelspinner-standaard-2-2kw-80km-k\/#breadcrumb","itemListElement":[{"@type":"ListItem","position":1,"name":"Home","item":"https:\/\/wheelspinner.com\/"},{"@type":"ListItem","position":2,"name":"Producten","item":"https:\/\/wheelspinner.com\/shop\/"},{"@type":"ListItem","position":3,"name":"Wheelspinner standaard 2.2kw &#8211; 80km\/k"}]},{"@type":"WebSite","@id":"https:\/\/wheelspinner.com\/#website","url":"https:\/\/wheelspinner.com\/","name":"Wheelspinner","description":"Speling op wiellagers controleren? Wheelspinner.","potentialAction":[{"@type":"SearchAction","target":{"@type":"EntryPoint","urlTemplate":"https:\/\/wheelspinner.com\/?s={search_term_string}"},"query-input":{"@type":"PropertyValueSpecification","valueRequired":true,"valueName":"search_term_string"}}],"inLanguage":"fr-FR"}]}},"_links":{"self":[{"href":"https:\/\/wheelspinner.com\/fr\/wp-json\/wp\/v2\/product\/6188","targetHints":{"allow":["GET"]}}],"collection":[{"href":"https:\/\/wheelspinner.com\/fr\/wp-json\/wp\/v2\/product"}],"about":[{"href":"https:\/\/wheelspinner.com\/fr\/wp-json\/wp\/v2\/types\/product"}],"wp:featuredmedia":[{"embeddable":true,"href":"https:\/\/wheelspinner.com\/fr\/wp-json\/wp\/v2\/media\/5521"}],"wp:attachment":[{"href":"https:\/\/wheelspinner.com\/fr\/wp-json\/wp\/v2\/media?parent=6188"}],"wp:term":[{"taxonomy":"product_brand","embeddable":true,"href":"https:\/\/wheelspinner.com\/fr\/wp-json\/wp\/v2\/product_brand?post=6188"},{"taxonomy":"product_cat","embeddable":true,"href":"https:\/\/wheelspinner.com\/fr\/wp-json\/wp\/v2\/product_cat?post=6188"},{"taxonomy":"product_tag","embeddable":true,"href":"https:\/\/wheelspinner.com\/fr\/wp-json\/wp\/v2\/product_tag?post=6188"}],"curies":[{"name":"wp","href":"https:\/\/api.w.org\/{rel}","templated":true}]}}